{"id":1545,"date":"2014-07-11T07:42:57","date_gmt":"2014-07-11T07:42:57","guid":{"rendered":"http:\/\/www.biancoscuro.it\/site\/?page_id=1545"},"modified":"2024-10-18T15:19:59","modified_gmt":"2024-10-18T13:19:59","slug":"inserimento-evento-gratuito-news-online","status":"publish","type":"page","link":"https:\/\/www.biancoscuro.it\/site\/rivista-darte\/inserimento-evento-gratuito-news-online\/","title":{"rendered":"Inserimento evento (gratuito News OnLine)"},"content":{"rendered":"<p><strong>Biancoscuro,\u00a0<\/strong>rivista d&#8217;arte, ti da la possibilit\u00e0 di pubblicare gratuitamente un annuncio nella sezione news del sito <strong>GRATUITAMENTE<\/strong>!<\/p>\n<p>\u00c8 attivo sul nostro sito un servizio per la pubblicazione autonoma di <strong>NEWS<\/strong> <a href=\"mailto:registrazione_sito@biancoscuro.com?&amp;subject=Richiesta_registrazione_sito&amp;body=Desidero%20registrarmi%20al%20sito%20indicando%20qui%20nome,%20cognome,%20sito%20internet,%20e%20numero%20di%20telefono...\" target=\"_blank\" rel=\"noopener\">clicca qui per registrarti<\/a>!<\/p>\n<p>Una volta registrati sar\u00e0 possibile loggarsi alla pagina (<a href=\"http:\/\/www.biancoscuro.it\/wp-login.php\" target=\"_blank\" rel=\"noopener\" data-saferedirecturl=\"https:\/\/www.google.com\/url?hl=it&amp;q=http:\/\/www.biancoscuro.it\/wp-login.php&amp;source=gmail&amp;ust=1489159523939000&amp;usg=AFQjCNHgqcdEQb4xJi3ajIlcSfOK_Gvg1g\">CLICCANDO QUI<\/a>)\u00a0e <strong>inserire la propria notizia da soli<\/strong>, la <strong>NEWS<\/strong> verr\u00e0 presa in carico dalla redazione ed effettuato il controllo verr\u00e0 pubblicata sul nostro sito nella sezione <strong>NEWS<\/strong>!<\/p>\n<p>Inserisci un <strong>titolo<\/strong> e un <strong>testo<\/strong> per l\u2019evento, seleziona la categoria alla quale l\u2019evento appartiene, aggiungi eventuali tag ed appena inserita la <b>news<\/b> invia a\u00a0<a href=\"mailto:info@biancoscuro.it\">info@biancoscuro.it<\/a> un messaggio di conferma e se vuoi, puoi anche allegare una foto, le immagini, per sicurezza, non possono essere caricate dagli utenti. (La pubblicazione\u00a0 avviene a discrezione dalla redazione).<\/p>\n<p><strong>Se desideri assicurarti\u00a0anche lo spazio sul magazine cartaceo<\/strong>\u00a0richiedi info dettagliate via mail a <a href=\"redazione@liberementi.it\">redazione@liberementi.it<\/a>\u00a0potrai\u00a0prenotare le copie della riviste dove verr\u00e0 pubblicato il redazionale. Le copie ti saranno utili il giorno dell&#8217;evento per la distribuzione ai partecipanti o agli invitati importanti.<\/p>\n<p>[slideshow_deploy id=&#8217;159&#8242;]<\/p>\n<p>&#8220;<em>Creativit\u00e0 \u00e8 inventare, sperimentare, crescere, assumersi dei rischi, rompere regole, fare errori e divertirsi<\/em>&#8220;.<\/p>\n<p><em>Mary Lou Cook<\/em><\/p>\n<div><em>\u00a0<\/em><\/div>\n","protected":false},"excerpt":{"rendered":"<p>Biancoscuro,\u00a0rivista d&#8217;arte, ti da la possibilit\u00e0 di pubblicare gratuitamente un annuncio nella sezione news del sito GRATUITAMENTE! \u00c8 attivo sul nostro sito un servizio per la pubblicazione autonoma di NEWS clicca qui per registrarti! Una volta registrati sar\u00e0 possibile loggarsi alla pagina (CLICCANDO QUI)\u00a0e inserire la propria notizia da soli, la NEWS verr\u00e0 presa in&hellip;&nbsp;<a href=\"https:\/\/www.biancoscuro.it\/site\/rivista-darte\/inserimento-evento-gratuito-news-online\/\" rel=\"bookmark\">Leggi tutto &raquo;<span class=\"screen-reader-text\">Inserimento evento (gratuito News OnLine)<\/span><\/a><\/p>\n","protected":false},"author":1,"featured_media":0,"parent":814,"menu_order":3,"comment_status":"closed","ping_status":"closed","template":"","meta":{"neve_meta_sidebar":"","neve_meta_container":"","neve_meta_enable_content_width":"","neve_meta_content_width":0,"neve_meta_title_alignment":"","neve_meta_author_avatar":"","neve_post_elements_order":"","neve_meta_disable_header":"","neve_meta_disable_footer":"","neve_meta_disable_title":"","advanced_seo_description":"","jetpack_seo_html_title":"","jetpack_seo_noindex":false,"footnotes":""},"class_list":["post-1545","page","type-page","status-publish","hentry"],"jetpack_sharing_enabled":true,"jetpack-related-posts":[{"id":4803,"url":"https:\/\/www.biancoscuro.it\/site\/news\/","url_meta":{"origin":1545,"position":0},"title":"News","author":"Redazione BIANCOSCURO","date":"5 Gennaio 2017","format":false,"excerpt":"","rel":"","context":"Articolo simile","block_context":{"text":"Articolo simile","link":""},"img":{"alt_text":"","src":"","width":0,"height":0},"classes":[]},{"id":814,"url":"https:\/\/www.biancoscuro.it\/site\/","url_meta":{"origin":1545,"position":1},"title":"Rivista d&#8217;Arte","author":"Redazione BIANCOSCURO","date":"4 Marzo 2014","format":false,"excerpt":"Sfoglia qui sotto la preview di BIANCOSCURO Art Magazine #75 (aprile\/maggio 2026) oppure richiedi la tua copia cartacea o se vuoi, scarica la versione integrale\u00a0su\u00a0artshop.biancoscuro.it Iscriviti\u00a0alla nostra\u00a0mailing list\u00a0per essere costantemente aggiornato sui nostri eventi e sulle nostre attivit\u00e0:\u00a0inserisci\u00a0nome,\u00a0cognome\u00a0ed\u00a0e-mail\u00a0nei campi qui a destra per ricevere gratuitamente nella tua casella email. Come\u2026","rel":"","context":"Articolo simile","block_context":{"text":"Articolo simile","link":""},"img":{"alt_text":"BIANCOSCURO #75 aprile\/maggio 2026 disponibile in formato CARTACEO e DIGITALE","src":"https:\/\/i0.wp.com\/www.biancoscuro.it\/site\/wp-content\/uploads\/2026\/04\/03b-BAM_issue-rettXsitoDOPPIA-L.jpg?resize=350%2C200&ssl=1","width":350,"height":200,"srcset":"https:\/\/i0.wp.com\/www.biancoscuro.it\/site\/wp-content\/uploads\/2026\/04\/03b-BAM_issue-rettXsitoDOPPIA-L.jpg?resize=350%2C200&ssl=1 1x, https:\/\/i0.wp.com\/www.biancoscuro.it\/site\/wp-content\/uploads\/2026\/04\/03b-BAM_issue-rettXsitoDOPPIA-L.jpg?resize=525%2C300&ssl=1 1.5x, https:\/\/i0.wp.com\/www.biancoscuro.it\/site\/wp-content\/uploads\/2026\/04\/03b-BAM_issue-rettXsitoDOPPIA-L.jpg?resize=700%2C400&ssl=1 2x"},"classes":[]},{"id":2779,"url":"https:\/\/www.biancoscuro.it\/site\/contatta-biancoscuro\/informativa-privacy-cookie\/","url_meta":{"origin":1545,"position":2},"title":"Informativa privacy &#038; cookie","author":"Redazione BIANCOSCURO","date":"2 Giugno 2015","format":false,"excerpt":"Last updated: 22\/05\/2018 Questa informativa rientra nel \u00a0General Data Protection Regulation(GDPR). Chi siamo BIANCOSCURO \u00e8 un progetto dell'Associazione Culturale BIANCOSCURO che ha sede a Pavia in viale Indipendenza 26. La piattaforma web \u00e8 gestita dalla societ\u00e0 \u00a0LIBEREMENTI (https:\/\/www.liberementi.it). L'indirizzo del nostro sito web \u00e8:\u00a0https:\/\/www.biancoscuro.it. Fanno parte della piattaforma anche i\u2026","rel":"","context":"Articolo simile","block_context":{"text":"Articolo simile","link":""},"img":{"alt_text":"","src":"","width":0,"height":0},"classes":[]},{"id":2020,"url":"https:\/\/www.biancoscuro.it\/site\/rivista-darte\/invia-tuo-racconto-per-pubblicazione-rivista-cartacea\/","url_meta":{"origin":1545,"position":3},"title":"invia un tuo racconto (per la pubblicazione sulla rivista cartacea)","author":"Redazione BIANCOSCURO","date":"27 Novembre 2014","format":false,"excerpt":"invia un tuo racconto... Biancoscuro,\u00a0rivista d'arte bimestrale, ti da la possibilit\u00e0 di pubblicare un racconto\u00a0nella rubrica della rivista cartacea \"Angolo narrativo, il racconto di...\". Inserisci qui sotto \u00a0la tua biografia (max 500 caratteri) ed una sinossi del tuo racconto (max 900 caratteri)\u00a0verr\u00e0 esaminato e successivamente pubblicato sulla prima uscita disponibile!\u2026","rel":"","context":"Articolo simile","block_context":{"text":"Articolo simile","link":""},"img":{"alt_text":"","src":"https:\/\/i0.wp.com\/www.biancoscuro.it\/site\/wp-content\/uploads\/2014\/11\/narrativa-paric.jpg?resize=350%2C200&ssl=1","width":350,"height":200,"srcset":"https:\/\/i0.wp.com\/www.biancoscuro.it\/site\/wp-content\/uploads\/2014\/11\/narrativa-paric.jpg?resize=350%2C200&ssl=1 1x, https:\/\/i0.wp.com\/www.biancoscuro.it\/site\/wp-content\/uploads\/2014\/11\/narrativa-paric.jpg?resize=525%2C300&ssl=1 1.5x"},"classes":[]},{"id":1076,"url":"https:\/\/www.biancoscuro.it\/site\/contatta-biancoscuro\/iscriviti-alla-newsletter-subscribe-to-newsletter\/","url_meta":{"origin":1545,"position":4},"title":"Iscriviti alla Newsletter","author":"Redazione BIANCOSCURO","date":"1 Aprile 2014","format":false,"excerpt":"Iscrivendoti riceverai tutte le nuove uscite digitali di BIANCOSCURO, info sulle mostre, info su eventi d'arte, il tutto con un click! Inoltre verrai aggiornato puntualmente anche su offerte e promozioni artistiche! Thank you \u2764\ufe0f","rel":"","context":"Articolo simile","block_context":{"text":"Articolo simile","link":""},"img":{"alt_text":"","src":"https:\/\/i0.wp.com\/www.biancoscuro.it\/site\/wp-content\/uploads\/2015\/05\/logo_biancoscuro_ARTMAGAZINE_500px.jpg?resize=350%2C200&ssl=1","width":350,"height":200,"srcset":"https:\/\/i0.wp.com\/www.biancoscuro.it\/site\/wp-content\/uploads\/2015\/05\/logo_biancoscuro_ARTMAGAZINE_500px.jpg?resize=350%2C200&ssl=1 1x, https:\/\/i0.wp.com\/www.biancoscuro.it\/site\/wp-content\/uploads\/2015\/05\/logo_biancoscuro_ARTMAGAZINE_500px.jpg?resize=525%2C300&ssl=1 1.5x"},"classes":[]},{"id":6827,"url":"https:\/\/www.biancoscuro.it\/site\/pubblicita\/punto-biancoscuro\/","url_meta":{"origin":1545,"position":5},"title":"Diventa .BIANCOSCURO","author":"Redazione BIANCOSCURO","date":"13 Marzo 2018","format":false,"excerpt":"Diventa \"punto distribuzione d'Arte\"Diventa .BIANCOSCURO BIANCOSCURO \u00e8 una piattaforma multimediale culturale, si rivolge a tutti coloro che amano l\u2019arte, la creativit\u00e0 ed il design. Sei titolare di una galleria d'arte, un negozio di design, un ente o gestisci un museo, uno show room o un esercizio commerciale (bar, ristorante, hotel,\u2026","rel":"","context":"Articolo simile","block_context":{"text":"Articolo simile","link":""},"img":{"alt_text":"","src":"","width":0,"height":0},"classes":[]}],"_links":{"self":[{"href":"https:\/\/www.biancoscuro.it\/site\/wp-json\/wp\/v2\/pages\/1545","targetHints":{"allow":["GET"]}}],"collection":[{"href":"https:\/\/www.biancoscuro.it\/site\/wp-json\/wp\/v2\/pages"}],"about":[{"href":"https:\/\/www.biancoscuro.it\/site\/wp-json\/wp\/v2\/types\/page"}],"author":[{"embeddable":true,"href":"https:\/\/www.biancoscuro.it\/site\/wp-json\/wp\/v2\/users\/1"}],"replies":[{"embeddable":true,"href":"https:\/\/www.biancoscuro.it\/site\/wp-json\/wp\/v2\/comments?post=1545"}],"version-history":[{"count":1,"href":"https:\/\/www.biancoscuro.it\/site\/wp-json\/wp\/v2\/pages\/1545\/revisions"}],"predecessor-version":[{"id":17758,"href":"https:\/\/www.biancoscuro.it\/site\/wp-json\/wp\/v2\/pages\/1545\/revisions\/17758"}],"up":[{"embeddable":true,"href":"https:\/\/www.biancoscuro.it\/site\/wp-json\/wp\/v2\/pages\/814"}],"wp:attachment":[{"href":"https:\/\/www.biancoscuro.it\/site\/wp-json\/wp\/v2\/media?parent=1545"}],"curies":[{"name":"wp","href":"https:\/\/api.w.org\/{rel}","templated":true}]}}