{"id":2779,"date":"2015-06-02T21:38:47","date_gmt":"2015-06-02T21:38:47","guid":{"rendered":"http:\/\/www.biancoscuro.it\/site\/?page_id=2779"},"modified":"2018-05-23T23:14:50","modified_gmt":"2018-05-23T21:14:50","slug":"informativa-privacy-cookie","status":"publish","type":"page","link":"https:\/\/www.biancoscuro.it\/site\/contatta-biancoscuro\/informativa-privacy-cookie\/","title":{"rendered":"Informativa privacy &#038; cookie"},"content":{"rendered":"<p><em>Last updated: 22\/05\/2018<br \/>\n<\/em>Questa informativa rientra nel \u00a0<a href=\"https:\/\/www.eugdpr.org\/\">General Data Protection Regulation<\/a>(GDPR).<\/p>\n<h3>Chi siamo<\/h3>\n<p>BIANCOSCURO \u00e8 un progetto dell&#8217;Associazione Culturale BIANCOSCURO che ha sede a Pavia in viale Indipendenza 26. La piattaforma web \u00e8 gestita dalla societ\u00e0 \u00a0LIBEREMENTI (https:\/\/www.liberementi.it).<br \/>\nL&#8217;indirizzo del nostro sito web \u00e8:\u00a0<strong>https:\/\/www.biancoscuro.it<\/strong>.<br \/>\nFanno parte della piattaforma anche i seguenti siti web:<br \/>\n<strong>https:\/\/artcontest.biancoscuro.it<\/strong> &#8211;\u00a0<strong>https:\/\/artshop.biancoscuro.it<\/strong> &#8211;\u00a0<strong>https:\/\/artmagazine.biancoscuro.it &#8211;\u00a0https:\/\/biancoscuro.liberementi.it<\/strong>.<br \/>\nLa piattaforma web BIANCOSCURO risiede su server sicuro. A protezione della privacy, il trasferimento dei dati sulla rete \u00e8\u00a0<strong>protetto con certificato SSL<\/strong> e da algoritmi di crittografia tramite <strong>protocollo HTTPS<\/strong> (lucchetto verde),\u00a0<strong>tutti i dati vengono criptati per offrire la massima sicurezza sia al visitatore occasionale che l&#8217;utente registrato<\/strong>.<\/p>\n<h3>Modulo di contatto<\/h3>\n<p>Puoi contattare BIANCOSCURO\u00a0tramite il form dedicato<a href=\"https:\/\/www.biancoscuro.it\/site\/contatta-biancoscuro\/\"> cliccando qui\u00a0<\/a><\/p>\n<h3>Quali dati personali raccogliamo<\/h3>\n<ul>\n<li>Indirizzo email;<\/li>\n<li>Nominativo;<\/li>\n<li>Indirizzo IP;<\/li>\n<li>Newsletter: apertura, click, opt-ins;<\/li>\n<li><span id=\"result_box\" class=\"short_text\" lang=\"it\" tabindex=\"-1\">Plugin e dati di utilizzo per determinati utenti;<\/span><\/li>\n<li>Log delle email inviate (Informazioni memorizzate non identificabili).<\/li>\n<\/ul>\n<h3>Per quanto tempo conserviamo i tuoi dati<\/h3>\n<p><span id=\"result_box\" class=\"\" lang=\"it\" tabindex=\"-1\"><span class=\"\">BIANCOSCURO manterr\u00e0 i dati per un periodo di tempo indeterminato o finch\u00e9 l&#8217;utente non ci chieder\u00e0 di anonimizzare e\/o cancellare i suoi dati.<\/span><\/span><\/p>\n<h3>Quali diritti hai sui tuoi dati<\/h3>\n<p>Se hai un account su questo sito, puoi richiedere di ricevere un file esportato dal sito con i dati personali che abbiamo su di te, compresi i dati che ci hai fornito. Puoi anche richiedere la cancellazione tutti i dati personali che ti riguardano. Questo non include i dati che siamo obbligati a conservare per scopi amministrativi, legali o di sicurezza.<\/p>\n<h3>Requisiti di informativa normativa del settore<\/h3>\n<p>I dati forniti allo staff di BIANCOSCURO saranno trattati in conformit\u00e0 a quanto previsto dalla vigente <b>normativa sulla privacy<\/b>, in particolare dal D.Lgs. 196\/2003.<\/p>\n<p>In conformit\u00e0\u00a0al provvedimento del Garante per la privacy\u00a0dell&#8217;8 maggio 2014, recante &#8220;<strong>Individuazione delle modalit\u00e0 semplificate per l&#8217;informativa e l&#8217;acquisizione del consenso per l&#8217;uso dei cookie<\/strong>&#8220;, Liberementi, societ\u00e0 gestrice di BIANCOSCURO\u00a0e dei siti ad esso collegati, intende informare l&#8217;utente di quanto segue, precisando che l&#8217;informativa cookie deve essere intesa quale allegato alla pi\u00f9 generale\u00a0<b>informativa sulla privacy<\/b>\u00a0qui sotto:<\/p>\n<h3>Dati oggetto di trattamento<\/h3>\n<p><strong>Dati di navigazione<br \/>\n<\/strong>Per motivi di sicurezza, ed al fine di adempiere a specifici obblighi di legge, vengono registrati i dati tecnici di connessione degli utenti all&#8217;interno di file di testo archiviati nella memoria del server (cosiddetti <i>file di Log<\/i>).\u00a0All&#8217;interno dei file di log vengono registrate una serie di dati tecnici quali:\u00a0indirizzo IP del visitatore,\u00a0data e ora di accesso,\u00a0pagina visualizzata,\u00a0eventuale pagina web di provenienza,\u00a0browser ed il sistema operativo utilizzati.<br \/>\nTali dati consentono di risalire all&#8217;identit\u00e0 del titolare della connessione, ma ci\u00f2 solo a seguito di particolari verifiche tecniche che possono essere compiute solo dall&#8217;autorit\u00e0 giudiziara. In nessun caso i nostri addetti potranno risalire autonomamente all&#8217;identit\u00e0 dei visitatori tramite tali dati di navigazione ed in nessun caso verr\u00e0 effettuato il ricongiungimento con altre fonti di dati eventualmente in nostro possesso al fine di tracciare i percorsi di navigazioni di specifici utenti.<\/p>\n<p><strong>Cookie<br \/>\n<\/strong>Per maggiori informazioni circa l&#8217;utilizzo dei cookie da parte di BIANCOSCURO\u00a0e di aziende terze vi invitiamo a\u00a0leggere pi\u00f9 avanti qui sotto l&#8217;informativa dettagliata.<\/p>\n<p><strong>Dati conferiti in modo volontario<br \/>\n<\/strong>Verr\u00e0 fornita un&#8217;informativa specifica ogni qualvolta l&#8217;accesso a determinati servizi sia subordinato ad una procedura di registrazione che prevede la comunicazione di dati personali dell&#8217;utente.\u00a0L&#8217;acquisizione dei dati, ove richiesta, \u00e8 il presupposto indispensabile per accedere ai servizi offerti.<\/p>\n<p><strong>Finalit\u00e0 del trattamento<br \/>\n<\/strong>Utilizziamo i dati di navigazione e quelli che ci vengono conferiti volontariamente dagli utenti solamente per gli scopi per i quali i dati sono stati raccolti. In taluni casi \u00e8 possibile che i dati raccolti vengano comunicati e\/o trattati grazie all&#8217;ausilio di fornitori esterni, i quali ricevono e utilizzano solo i dati necessari all&#8217;espletamento del compito per i quali sono stati chiamati in causa.<\/p>\n<ul>\n<li>I file di log vengono da noi trattati per controllare il corretto funzionamento del sito e proteggere i nostri sistemi da eventuali attacchi informatici;<\/li>\n<li>I dati personali forniti volontariamente vengono trattati:\u00a0per poter fornire i servizi richiesti,\u00a0per effettuare eventuali operazioni di amministrazione,\u00a0per poter erogare il servizio di newsletter o effettuare l&#8217;invio di comunicazioni pubblicitarie,\u00a0per poter elaborare specifiche richieste degli utenti in modo automatico o manuale.<\/li>\n<\/ul>\n<p>I cookie vengono trattati in conformit\u00e0 a quanto indicato nell&#8217;apposita informativa.<\/p>\n<p><strong>Modalit\u00e0 del trattamento<br \/>\n<\/strong>I dati oggetto di trattamento sono trattati con strumenti informatici in modo prevalentemente automatizzato. L&#8217;intervento manuale da parte di operatori autorizzati \u00e8 previsto solo in casi particolari e limitati, solitamente dietro richiesta del diretto interessato. Idonee misure di sicurezza sono osservate per prevenire la perdita dei dati, usi illeciti o non corretti ed accessi non autorizzati.<\/p>\n<p><strong>Non obbligatoriet\u00e0 del conferimento<br \/>\n<\/strong>A parte quanto specificato per i dati di navigazione (file di log), e in parte per i cookies (che comunque possono essere bloccati e\/o cancellati mediante apposite funzionalit\u00e0 integrate nel browser) l&#8217;utente \u00e8 libero di fornire o meno i dati personali indicati nei moduli di registrazione e\/o di richiesta informazioni. Si precisa, tuttavia, che il loro mancato conferimento pu\u00f2 comportare l&#8217;impossibilit\u00e0 di ottenere quanto richiesto.<\/p>\n<p><strong>Titolare del trattamento<br \/>\n<\/strong>Responsabile del trattamento dei dati personali \u00e8 liberementi, con sede in viale Indipendenza 26, Pavia, nella persona dell&#8217;amministratore. Per richiedere informazioni in merito al trattamento dei dati personali compilate il <a href=\"http:\/\/www.biancoscuro.it\/site\/contatta-biancoscuro\/\">modulo di contatto<\/a> e selezionate come oggetto la voce &#8220;Privacy&#8221;.<\/p>\n<p><strong>Diritti dell&#8217;interessato<br \/>\n<\/strong>Ai sensi dell&#8217;art. 7 del D.Lgs. 196\/03, l&#8217;utente ha il diritto di ottenere la conferma dell&#8217;esistenza o meno dei suoi dati e di conoscerne il contenuto e l&#8217;origine, verificarne l&#8217;esattezza o chiederne l&#8217;integrazione o l&#8217;aggiornamento, oppure la rettificazione. L&#8217;utente ha inoltre il diritto di chiederne la cancellazione, la trasformazione in forma anonima nonch\u00e9 di opporsi in ogni caso, per motivi legittimi, al loro trattamento.<br \/>\nIn ogni caso l&#8217;interessato pu\u00f2 esercitare i propri diritti inviando una richiesta scritta per posta ordinaria presso la nostra sede oppure compilando il modulo il\u00a0<a href=\"http:\/\/www.biancoscuro.it\/site\/contatta-biancoscuro\/\">modulo di contatto<\/a> (selezionando come oggetto &#8220;Privacy&#8221;).<\/p>\n<p><strong>Servizio di Newsletter<br \/>\n<\/strong>BIANCOSCURO NON invia spam. Ogni mail inviata ai ns. utenti avviene a seguito di richiesta.\u00a0Ricordiamo che \u00e8 possibile cancellarsi dalla Newsletter in ogni momento attraverso il link riportato in calce ad ogni comunicazione ricevuta.<\/p>\n<h3>Informazioni generali sui cookie<\/h3>\n<p>Quando accedi a BIANCOSCURO\u00a0o usi uno dei nostri servizi, il nostro sistema o quello di uno dei nostri partner potrebbe impostare o leggere cookie e\/o altri tipi di identificatori circa il browser e\/o il dispositivo che stai utilizzando.<br \/>\nUn cookie \u00e8 un piccolo file di testo che viene memorizzato sul computer di chi visualizza un sito web allo scopo di registrare alcune informazioni relative alla visita nonch\u00e9 di creare un sistema per riconoscere l&#8217;utente anche in momenti successivi. Gli identificatori dei dispositivi, invece, vengono generati raccogliendo ed elaborando alcune informazioni come l&#8217;indirizzo IP e\/o lo user agent (versione del browser, tipo e versione del sistema operativo) o altre caratteristiche del dispositivo, sempre al fine di ricollegare talune informazioni ad un utente specifico.<br \/>\nUn sito Web pu\u00f2 impostare un cookie sul browser solo se le preferenze configurate per quest&#8217;ultimo lo consentono. E&#8217; importante sapere che un browser pu\u00f2 consentire a un determinato sito Web di accedere solo ed esclusivamente ai cookie da esso impostati e non a quelli impostati da altri siti Web: non vi \u00e8 alcun rischio per la vostra privacy in tal senso.<\/p>\n<p><strong>Pratiche relative ai cookie e ad altre tecnologie similari<br \/>\n<\/strong>BIANCOSCURO o i suoi partner potrebbero utilizzare i cookie o altro tipo di identificatori per una serie di ragioni, tra cui:<\/p>\n<ul>\n<li>Offrire accesso ad aree riservate del sito ed accedibili dietro autenticazione (in tal caso i cookie sono detti &#8220;tecnici&#8221; e sono utilizzati per mantenere la sessione di navigazione e\/o per facilitare successivi accessi dal medesimo dispositivo).<\/li>\n<li>Tenere traccia delle preferenze dell&#8217;utente mentre utilizza il sito e\/o servizi in esso incorporati o ad esso connessi.<\/li>\n<li>Offrire pubblicit\u00e0 e\/o contenuti pertinenti agli interessi dei visitatori (solo\u00a0<i>cookie di terze parti<\/i>).<\/li>\n<li>Elaborare analisi statistiche (<i>analytics<\/i>) circa l&#8217;utilizzo del sito e\/o dei servizi in esso incorporati.<\/li>\n<li>Condurre ricerche per migliorare i contenuti, i prodotti e i servizi di BIANCOSCURO o di suoi partner.<\/li>\n<\/ul>\n<p><b>BIANCOSCURO\u00a0NON utilizza direttamente alcun cookie di profilazione<\/b>: gli unici cookie generati e gestiti direttamente da BIANCOSCURO sono i cosiddetti cookie tecnici (i quali vengono utilizzati solo ed esclusivamente per offrire correttamente i servizi proposti al pubblico) ed, in modo estremamente limitato, cookie di analytics (che vengono utilizzati per conteggiare il numero di letture alle varie pagine del sito e\/o per altre finalit\u00e0 di natura statistica). Informiamo, tuttavia, gli utenti che attraverso le nostre pagine potrebbero essere generati cookie di profilazione ad opera di terze parti.<br \/>\nSe lo desideri \u00e8 possibile\u00a0<b>impedire che vengano salvati sul tuo computer i cookie pubblicitari e\/o comportamentali<\/b>\u00a0utilizzando il servizio fornito dal sito\u00a0<a href=\"http:\/\/www.youronlinechoices.com\/it\/\">Your Online Choiches<\/a>.\u00a0BIANCOSCURO, pertanto, consiglia agli Utenti di utilizzare tale risorsa in aggiunta alle informazioni fornite dal presente documento.<\/p>\n<h3>Cookie di altre societ\u00e0<\/h3>\n<p>BIANCOSCURO integra, all&#8217;interno delle proprie pagine, servizi di terze parti che potrebbero impostare e utilizzare propri cookie e\/o tecnologie similari. L&#8217;impiego di tali cookie e tecnologie similari da parte di tali aziende \u00e8 regolato dalle informative sulla privacy di dette societ\u00e0 e non dalla presente informativa essendo BIANCOSCURO totalmente estraneo alla gestione di tali strumenti ed al trattamento dei dati da questi derivanti.<br \/>\nQui\u00a0di seguito un elenco di alcune delle societ\u00e0 che potrebbero utilizzare i cookie mentre navighi sul network di BIANCOSCURO:<\/p>\n<ul>\n<li>Google Analytics (<a href=\"https:\/\/www.google.com\/analytics\/learn\/privacy.html?hl=it\">informativa<\/a>)<\/li>\n<li>Google+ (<a href=\"http:\/\/www.google.com\/intl\/it_it\/policies\/technologies\/types\/\">informativa<\/a>)<\/li>\n<li>Facebook (<a href=\"https:\/\/www.facebook.com\/help\/cookies\/\">informativa<\/a>)<\/li>\n<li>Twitter (<a href=\"https:\/\/support.twitter.com\/articles\/20170519-uso-dei-cookie-e-di-altre-tecnologie-simili-da-parte-di-twitter\">informativa<\/a>)<\/li>\n<li>Linkedin (<a href=\"http:\/\/it.linkedin.com\/legal\/cookie-policy\">informativa<\/a>)<\/li>\n<li>YouTube (<a href=\"https:\/\/www.youtube.com\/static?template=privacy_guidelines&amp;gl=IT\">informativa<\/a>)<\/li>\n<\/ul>\n<p>In caso di dubbi o segnalazioni in merito all&#8217;utilizzo dei cookie potete contattarci a\u00a0<a href=\"http:\/\/www.biancoscuro.it\/site\/contatta-biancoscuro\/\">questa pagina<\/a>.<\/p>\n<h3>Disattivare i cookie<\/h3>\n<p>Puoi configurare il tuo browser in modo da accettare o rifiutare tutti i cookie o particolari tipologie di cookie (ad esempio i cookie di terze parti) oppure puoi scegliere di essere avvertito ogni qualvolta un cookie viene impostato all&#8217;interno del tuo computer.<br \/>\nE&#8217; importante sapere che il rifiuto di tutti i cookie potrebbe impedirti di usufruire dei prodotti e servizi BIANCOSCURO che richiedono che tua acceda, mediante username e password, ad aree riservate agli utenti registrati. Tutti questi servizi, infatti, richiedono i cookie per poter funzionare correttamente e, di conseguenza, l&#8217;eventuale blocco dei cookie ne renderebbe impossibile l&#8217;utilizzo.<br \/>\nDi seguito le istruzioni relative ai browser di navigazione pi\u00f9 diffusi ai fini di effettuare una configurazione personalizzata circa i cookie:<\/p>\n<ul>\n<li><b><\/b><b>Microsoft Internet Explorer<\/b>\n<ol>\n<li>clicca su &#8220;Strumenti&#8221; nella parte superiore della finestra del browser;<\/li>\n<li>seleziona &#8220;Opzioni Internet&#8221;;<\/li>\n<li>clicca sulla scheda &#8220;Privacy&#8221;;<\/li>\n<li>per attivare i cookies, il livello di Privacy deve essere impostato su &#8220;Medio&#8221; o al di sotto; impostando il livello di Privacy sopra il &#8220;Medio&#8221; l\u2019utilizzo dei cookies verr\u00e0 disattivato.<\/li>\n<\/ol>\n<\/li>\n<li><b><\/b><b>Mozilla Firefox<\/b>\n<ol>\n<li>clicca su &#8220;Strumenti&#8221; nella parte superiore della finestra del browser;<\/li>\n<li>seleziona &#8220;Opzioni&#8221;;<\/li>\n<li>seleziona l&#8217;icona &#8220;Privacy&#8221;;<\/li>\n<li>clicca su &#8220;Cookies&#8221;;<\/li>\n<li>seleziona o meno le voci &#8220;Accetta i cookies dai siti&#8221; e &#8220;Accetta i cookies di terze parti&#8221;;<\/li>\n<\/ol>\n<\/li>\n<li><b><\/b><b>Google Chrome<\/b>\n<ol>\n<li>clicca l&#8217;icona del menu;<\/li>\n<li>seleziona &#8220;Impostazioni&#8221;;<\/li>\n<li>nella parte inferiore della pagina, seleziona &#8220;Mostra impostazioni avanzate&#8221;;<\/li>\n<li>nella sezione &#8220;Privacy&#8221;, seleziona &#8220;Impostazioni contenuti&#8221;;<\/li>\n<li>seleziona o meno la voce &#8220;Impedisci ai siti di impostare dati&#8221;.<\/li>\n<\/ol>\n<\/li>\n<li><b><\/b><b>Apple Safari<\/b>\n<ol>\n<li>clicca sull&#8217;etichetta &#8220;Safari&#8221; nella parte superiore della finestra del browser;<\/li>\n<li>seleziona l&#8217;opzione &#8220;Preferenze&#8221;;<\/li>\n<li>clicca su &#8220;Privacy&#8221;;<\/li>\n<li>imposta la tua scelta alla voce &#8220;Cookie e dati di siti web&#8221;.<\/li>\n<\/ol>\n<\/li>\n<\/ul>\n<h3><\/h3>\n","protected":false},"excerpt":{"rendered":"<p>Last updated: 22\/05\/2018 Questa informativa rientra nel \u00a0General Data Protection Regulation(GDPR). Chi siamo BIANCOSCURO \u00e8 un progetto dell&#8217;Associazione Culturale BIANCOSCURO che ha sede a Pavia in viale Indipendenza 26. La piattaforma web \u00e8 gestita dalla societ\u00e0 \u00a0LIBEREMENTI (https:\/\/www.liberementi.it). L&#8217;indirizzo del nostro sito web \u00e8:\u00a0https:\/\/www.biancoscuro.it. Fanno parte della piattaforma anche i seguenti siti web: https:\/\/artcontest.biancoscuro.it &#8211;\u00a0https:\/\/artshop.biancoscuro.it&hellip;&nbsp;<a href=\"https:\/\/www.biancoscuro.it\/site\/contatta-biancoscuro\/informativa-privacy-cookie\/\" rel=\"bookmark\">Leggi tutto &raquo;<span class=\"screen-reader-text\">Informativa privacy &#038; cookie<\/span><\/a><\/p>\n","protected":false},"author":1,"featured_media":1448,"parent":15,"menu_order":9,"comment_status":"closed","ping_status":"closed","template":"","meta":{"neve_meta_sidebar":"","neve_meta_container":"","neve_meta_enable_content_width":"","neve_meta_content_width":0,"neve_meta_title_alignment":"","neve_meta_author_avatar":"","neve_post_elements_order":"","neve_meta_disable_header":"","neve_meta_disable_footer":"","neve_meta_disable_title":"","advanced_seo_description":"","jetpack_seo_html_title":"","jetpack_seo_noindex":false,"footnotes":""},"class_list":["post-2779","page","type-page","status-publish","has-post-thumbnail","hentry"],"jetpack_sharing_enabled":false,"jetpack-related-posts":[{"id":814,"url":"https:\/\/www.biancoscuro.it\/site\/","url_meta":{"origin":2779,"position":0},"title":"Rivista d&#8217;Arte","author":"Redazione BIANCOSCURO","date":"4 Marzo 2014","format":false,"excerpt":"Sfoglia qui sotto la preview di BIANCOSCURO Art Magazine #75 (aprile\/maggio 2026) oppure richiedi la tua copia cartacea o se vuoi, scarica la versione integrale\u00a0su\u00a0artshop.biancoscuro.it Iscriviti\u00a0alla nostra\u00a0mailing list\u00a0per essere costantemente aggiornato sui nostri eventi e sulle nostre attivit\u00e0:\u00a0inserisci\u00a0nome,\u00a0cognome\u00a0ed\u00a0e-mail\u00a0nei campi qui a destra per ricevere gratuitamente nella tua casella email. Come\u2026","rel":"","context":"Articolo simile","block_context":{"text":"Articolo simile","link":""},"img":{"alt_text":"BIANCOSCURO #75 aprile\/maggio 2026 disponibile in formato CARTACEO e DIGITALE","src":"https:\/\/i0.wp.com\/www.biancoscuro.it\/site\/wp-content\/uploads\/2026\/04\/03b-BAM_issue-rettXsitoDOPPIA-L.jpg?resize=350%2C200&ssl=1","width":350,"height":200,"srcset":"https:\/\/i0.wp.com\/www.biancoscuro.it\/site\/wp-content\/uploads\/2026\/04\/03b-BAM_issue-rettXsitoDOPPIA-L.jpg?resize=350%2C200&ssl=1 1x, https:\/\/i0.wp.com\/www.biancoscuro.it\/site\/wp-content\/uploads\/2026\/04\/03b-BAM_issue-rettXsitoDOPPIA-L.jpg?resize=525%2C300&ssl=1 1.5x, https:\/\/i0.wp.com\/www.biancoscuro.it\/site\/wp-content\/uploads\/2026\/04\/03b-BAM_issue-rettXsitoDOPPIA-L.jpg?resize=700%2C400&ssl=1 2x"},"classes":[]},{"id":452,"url":"https:\/\/www.biancoscuro.it\/site\/contatta-biancoscuro\/contribuisci-anche-tu-al-progetto-biancoscuro\/","url_meta":{"origin":2779,"position":1},"title":"Contribuisci","author":"Redazione BIANCOSCURO","date":"2 Dicembre 2013","format":false,"excerpt":"Contribuisci anche tu al progetto biancoscuro! Se ritieni il nostro progetto interessante e vuoi contribuire\u00a0puoi effettuare un versamento scegliendo il metodo che preferisci tra questi elencati! Riepilogo modalit\u00e0 versamento: Con\u00a0Paypal Per effettuare il versamento con carta di credito non \u00e8 necessario registrarsi presso PayPal. Con\u00a0Conto Corrente Postale Il versamento tramite\u2026","rel":"","context":"Articolo simile","block_context":{"text":"Articolo simile","link":""},"img":{"alt_text":"","src":"https:\/\/www.paypalobjects.com\/it_IT\/i\/scr\/pixel.gif","width":350,"height":200},"classes":[]},{"id":15,"url":"https:\/\/www.biancoscuro.it\/site\/contatta-biancoscuro\/","url_meta":{"origin":2779,"position":2},"title":"Chi siamo","author":"Redazione BIANCOSCURO","date":"26 Settembre 2013","format":false,"excerpt":"Nel panorama editoriale artistico italiano, BIANCOSCURO si distingue come una rivista bimestrale che offre un'ampia e diversificata prospettiva sul mondo dell'arte, spaziando dai grandi maestri del passato agli artisti emergenti della scena contemporanea. Fondata nel 2014 e registrata presso il Tribunale di Pavia, la rivista \u00e8 edita dall'Associazione Culturale BIANCOSCURO,\u2026","rel":"","context":"Articolo simile","block_context":{"text":"Articolo simile","link":""},"img":{"alt_text":"","src":"https:\/\/i0.wp.com\/www.biancoscuro.it\/site\/wp-content\/uploads\/2013\/10\/sbn168943_9487.jpg?resize=350%2C200&ssl=1","width":350,"height":200,"srcset":"https:\/\/i0.wp.com\/www.biancoscuro.it\/site\/wp-content\/uploads\/2013\/10\/sbn168943_9487.jpg?resize=350%2C200&ssl=1 1x, https:\/\/i0.wp.com\/www.biancoscuro.it\/site\/wp-content\/uploads\/2013\/10\/sbn168943_9487.jpg?resize=525%2C300&ssl=1 1.5x, https:\/\/i0.wp.com\/www.biancoscuro.it\/site\/wp-content\/uploads\/2013\/10\/sbn168943_9487.jpg?resize=700%2C400&ssl=1 2x"},"classes":[]},{"id":6827,"url":"https:\/\/www.biancoscuro.it\/site\/pubblicita\/punto-biancoscuro\/","url_meta":{"origin":2779,"position":3},"title":"Diventa .BIANCOSCURO","author":"Redazione BIANCOSCURO","date":"13 Marzo 2018","format":false,"excerpt":"Diventa \"punto distribuzione d'Arte\"Diventa .BIANCOSCURO BIANCOSCURO \u00e8 una piattaforma multimediale culturale, si rivolge a tutti coloro che amano l\u2019arte, la creativit\u00e0 ed il design. Sei titolare di una galleria d'arte, un negozio di design, un ente o gestisci un museo, uno show room o un esercizio commerciale (bar, ristorante, hotel,\u2026","rel":"","context":"Articolo simile","block_context":{"text":"Articolo simile","link":""},"img":{"alt_text":"","src":"","width":0,"height":0},"classes":[]},{"id":335,"url":"https:\/\/www.biancoscuro.it\/site\/rivista-darte\/abbonati-a-biancoscuro\/","url_meta":{"origin":2779,"position":4},"title":"Abbonati","author":"Redazione BIANCOSCURO","date":"3 Novembre 2013","format":false,"excerpt":"Perch\u00e9 abbonarsi e come farlo Gli abbonati \u201cBIANCOSCURO\u201d condividono una visione intelligente e costruttiva dell\u2019arte moderna e contemporanea e sono attenti al patrimonio culturale.Puoi abbonarti alla versione digitale cliccando su uno dei link che trovi qui sotto.artshop.biancoscuro.it\/site\/abbonamento-biancoscuro-rivista-darte-formato-digitale-italia-per-1-anno Se ti abboni alla versione cartacea avrai in omaggio anche la versione digitale!artshop.biancoscuro.it\/abbonamento-biancoscuro-italia-per-1-anno","rel":"","context":"Articolo simile","block_context":{"text":"Articolo simile","link":""},"img":{"alt_text":"","src":"https:\/\/i0.wp.com\/www.biancoscuro.it\/site\/wp-content\/uploads\/2020\/06\/Art_Basel_Basel_2020_The_Show_Magazines.png?resize=350%2C200&ssl=1","width":350,"height":200,"srcset":"https:\/\/i0.wp.com\/www.biancoscuro.it\/site\/wp-content\/uploads\/2020\/06\/Art_Basel_Basel_2020_The_Show_Magazines.png?resize=350%2C200&ssl=1 1x, https:\/\/i0.wp.com\/www.biancoscuro.it\/site\/wp-content\/uploads\/2020\/06\/Art_Basel_Basel_2020_The_Show_Magazines.png?resize=525%2C300&ssl=1 1.5x"},"classes":[]},{"id":1076,"url":"https:\/\/www.biancoscuro.it\/site\/contatta-biancoscuro\/iscriviti-alla-newsletter-subscribe-to-newsletter\/","url_meta":{"origin":2779,"position":5},"title":"Iscriviti alla Newsletter","author":"Redazione BIANCOSCURO","date":"1 Aprile 2014","format":false,"excerpt":"Iscrivendoti riceverai tutte le nuove uscite digitali di BIANCOSCURO, info sulle mostre, info su eventi d'arte, il tutto con un click! Inoltre verrai aggiornato puntualmente anche su offerte e promozioni artistiche! Thank you \u2764\ufe0f","rel":"","context":"Articolo simile","block_context":{"text":"Articolo simile","link":""},"img":{"alt_text":"","src":"https:\/\/i0.wp.com\/www.biancoscuro.it\/site\/wp-content\/uploads\/2015\/05\/logo_biancoscuro_ARTMAGAZINE_500px.jpg?resize=350%2C200&ssl=1","width":350,"height":200,"srcset":"https:\/\/i0.wp.com\/www.biancoscuro.it\/site\/wp-content\/uploads\/2015\/05\/logo_biancoscuro_ARTMAGAZINE_500px.jpg?resize=350%2C200&ssl=1 1x, https:\/\/i0.wp.com\/www.biancoscuro.it\/site\/wp-content\/uploads\/2015\/05\/logo_biancoscuro_ARTMAGAZINE_500px.jpg?resize=525%2C300&ssl=1 1.5x"},"classes":[]}],"_links":{"self":[{"href":"https:\/\/www.biancoscuro.it\/site\/wp-json\/wp\/v2\/pages\/2779","targetHints":{"allow":["GET"]}}],"collection":[{"href":"https:\/\/www.biancoscuro.it\/site\/wp-json\/wp\/v2\/pages"}],"about":[{"href":"https:\/\/www.biancoscuro.it\/site\/wp-json\/wp\/v2\/types\/page"}],"author":[{"embeddable":true,"href":"https:\/\/www.biancoscuro.it\/site\/wp-json\/wp\/v2\/users\/1"}],"replies":[{"embeddable":true,"href":"https:\/\/www.biancoscuro.it\/site\/wp-json\/wp\/v2\/comments?post=2779"}],"version-history":[{"count":0,"href":"https:\/\/www.biancoscuro.it\/site\/wp-json\/wp\/v2\/pages\/2779\/revisions"}],"up":[{"embeddable":true,"href":"https:\/\/www.biancoscuro.it\/site\/wp-json\/wp\/v2\/pages\/15"}],"wp:featuredmedia":[{"embeddable":true,"href":"https:\/\/www.biancoscuro.it\/site\/wp-json\/wp\/v2\/media\/1448"}],"wp:attachment":[{"href":"https:\/\/www.biancoscuro.it\/site\/wp-json\/wp\/v2\/media?parent=2779"}],"curies":[{"name":"wp","href":"https:\/\/api.w.org\/{rel}","templated":true}]}}