{"id":452,"date":"2013-12-02T12:12:39","date_gmt":"2013-12-02T12:12:39","guid":{"rendered":"http:\/\/www.biancoscuro.it\/site\/?page_id=452"},"modified":"2023-10-04T19:57:38","modified_gmt":"2023-10-04T17:57:38","slug":"contribuisci-anche-tu-al-progetto-biancoscuro","status":"publish","type":"page","link":"https:\/\/www.biancoscuro.it\/site\/contatta-biancoscuro\/contribuisci-anche-tu-al-progetto-biancoscuro\/","title":{"rendered":"Contribuisci"},"content":{"rendered":"\n<h3 class=\"wp-block-heading\">Contribuisci anche tu al progetto biancoscuro!<\/h3>\n\n\n\n<p>Se ritieni il nostro progetto interessante e vuoi contribuire&nbsp;puoi effettuare un versamento scegliendo il metodo che preferisci tra questi elencati<strong>!<\/strong><\/p>\n\n\n\n<h3 class=\"wp-block-heading\">Riepilogo modalit\u00e0 versamento:<\/h3>\n\n\n\n<h3 class=\"wp-block-heading\">Con&nbsp;<span style=\"font-weight: 600; font-style: inherit;\">Paypal<\/span><\/h3>\n\n\n\n<form action=\"https:\/\/www.paypal.com\/cgi-bin\/webscr\" method=\"post\" target=\"_top\"><input name=\"cmd\" type=\"hidden\" value=\"_s-xclick\"\/> <input name=\"hosted_button_id\" type=\"hidden\" value=\"W3B7N2TMWR6S6\"\/> <input alt=\"PayPal - Il metodo rapido, affidabile e innovativo per pagare e farsi pagare.\" name=\"submit\" src=\"https:\/\/www.paypalobjects.com\/it_IT\/IT\/i\/btn\/btn_donateCC_LG.gif\" type=\"image\"\/> <img loading=\"lazy\" decoding=\"async\" src=\"https:\/\/www.paypalobjects.com\/it_IT\/i\/scr\/pixel.gif\" alt=\"\" width=\"1\" height=\"1\" border=\"0\"\/><\/form>\n\n\n\n<p>Per effettuare il versamento con carta di credito non \u00e8 necessario registrarsi presso PayPal.<\/p>\n\n\n\n<h3 class=\"wp-block-heading\"><span style=\"text-decoration: underline;\">Con\u00a0<\/span><span style=\"font-weight: 600; font-style: inherit;\"><span style=\"text-decoration: underline;\">Conto Corrente Postale<\/span><\/span><\/h3>\n\n\n\n<figure class=\"wp-block-image size-full\"><img loading=\"lazy\" decoding=\"async\" width=\"214\" height=\"45\" src=\"https:\/\/www.biancoscuro.it\/site\/wp-content\/uploads\/2013\/12\/logoposte.png\" alt=\"\" class=\"wp-image-455\"\/><\/figure>\n\n\n\n<p>Il versamento tramite bollettino postale va effettuato sul<br \/><span style=\"font-weight: 600; font-style: inherit;\">conto corrente postale n. 1017328376<br \/><\/span>intestato a\u00a0<span style=\"font-weight: 600; font-style: inherit;\">Biancoscuro Associazione Culturale<\/span>.<\/p>\n\n\n\n<p><span style=\"text-decoration: underline;\">Con\u00a0<span style=\"font-weight: 600; font-style: inherit;\">Bonifico Bancario<br \/><img loading=\"lazy\" decoding=\"async\" width=\"90\" height=\"90\" class=\"alignnone  wp-image-456\" src=\"http:\/\/www.biancoscuro.it\/site\/wp-content\/uploads\/2013\/12\/2-euroLoW-150x150.jpg\" alt=\"2-euroLoW\" srcset=\"https:\/\/www.biancoscuro.it\/site\/wp-content\/uploads\/2013\/12\/2-euroLoW-150x150.jpg 150w, https:\/\/www.biancoscuro.it\/site\/wp-content\/uploads\/2013\/12\/2-euroLoW-300x300.jpg 300w, https:\/\/www.biancoscuro.it\/site\/wp-content\/uploads\/2013\/12\/2-euroLoW-432x432.jpg 432w, https:\/\/www.biancoscuro.it\/site\/wp-content\/uploads\/2013\/12\/2-euroLoW-268x268.jpg 268w, https:\/\/www.biancoscuro.it\/site\/wp-content\/uploads\/2013\/12\/2-euroLoW-700x700.jpg 700w, https:\/\/www.biancoscuro.it\/site\/wp-content\/uploads\/2013\/12\/2-euroLoW.jpg 1000w\" sizes=\"auto, (max-width: 90px) 100vw, 90px\" \/><br \/><\/span><\/span>\u00c8 possibile anche effettuare un bonifico bancario<br \/>utilizzando il codice IBAN\u00a0<span style=\"font-weight: 600; font-style: inherit;\">IT24M0760111300001017328376<br \/><\/span>intestato a\u00a0<span style=\"font-weight: 600; font-style: inherit;\">Biancoscuro Associazione Culturale<\/span>.<\/p>\n\n\n\n<p>Biancoscuro \u00e8 un&#8217;Associazione Culturale No Profit Italiana, attiva \u00a0nell&#8217;ambito della cultura.\u00a0Biancoscuro\u00a0opera per diffondere le arti visive e le arti letterarie.<br \/>L&#8217;Associazione\u00a0Biancoscuro\u00a0\u00e8 una &#8220;APS&#8221;, per cui i tuoi versamenti\u00a0potranno beneficiare delle agevolazioni fiscali previste dalla legge. Tutti i dati da te forniti verranno trattati nel rispetto della legge sulla privacy. Se hai domande puoi scriverci a\u00a0info@biancoscuro.it<\/p>\n\n\n\n<p><strong>Con la tua partecipazione ed il tuo contributo sosterrai l&#8217;Associazione ed il suo progetto BIANCOSCURO, aiutandolo nella sua opera di diffusione delle arti visive e letterarie.<\/strong><\/p>\n","protected":false},"excerpt":{"rendered":"<p>Contribuisci anche tu al progetto biancoscuro! Se ritieni il nostro progetto interessante e vuoi contribuire&nbsp;puoi effettuare un versamento scegliendo il metodo che preferisci tra questi elencati! Riepilogo modalit\u00e0 versamento: Con&nbsp;Paypal Per effettuare il versamento con carta di credito non \u00e8 necessario registrarsi presso PayPal. Con\u00a0Conto Corrente Postale Il versamento tramite bollettino postale va effettuato sulconto&hellip;&nbsp;<a href=\"https:\/\/www.biancoscuro.it\/site\/contatta-biancoscuro\/contribuisci-anche-tu-al-progetto-biancoscuro\/\" rel=\"bookmark\">Leggi tutto &raquo;<span class=\"screen-reader-text\">Contribuisci<\/span><\/a><\/p>\n","protected":false},"author":1,"featured_media":0,"parent":15,"menu_order":1,"comment_status":"closed","ping_status":"closed","template":"","meta":{"neve_meta_sidebar":"","neve_meta_container":"","neve_meta_enable_content_width":"","neve_meta_content_width":0,"neve_meta_title_alignment":"","neve_meta_author_avatar":"","neve_post_elements_order":"","neve_meta_disable_header":"","neve_meta_disable_footer":"","neve_meta_disable_title":"","advanced_seo_description":"","jetpack_seo_html_title":"","jetpack_seo_noindex":false,"footnotes":""},"class_list":["post-452","page","type-page","status-publish","hentry"],"jetpack_sharing_enabled":true,"jetpack-related-posts":[{"id":2163,"url":"https:\/\/www.biancoscuro.it\/site\/contatta-biancoscuro\/collabora-con-noi\/","url_meta":{"origin":452,"position":0},"title":"Collabora con noi","author":"Redazione BIANCOSCURO","date":"15 Gennaio 2015","format":false,"excerpt":"BIANCOSCURO \u00e8 in costante ricerca di nuove collaborazioni. Vuoi\u00a0dire la tua sul mondo dell'arte e della cultura?\u00a0Contattaci\u2026 Se scrivere ti appassiona, se l'arte ti appassiona\u00a0e vuoi collaborare volontariamente al progetto, mandaci una mail con il tuo articolo al seguente indirizzo: articoli@biancoscuro.com La Redazione valuter\u00e0 i contributi ricevuti e sceglier\u00e0 di\u2026","rel":"","context":"Articolo simile","block_context":{"text":"Articolo simile","link":""},"img":{"alt_text":"","src":"https:\/\/i0.wp.com\/www.biancoscuro.it\/site\/wp-content\/uploads\/2013\/09\/liberementi-www.liberementi.it-8003BN.jpg?resize=350%2C200&ssl=1","width":350,"height":200,"srcset":"https:\/\/i0.wp.com\/www.biancoscuro.it\/site\/wp-content\/uploads\/2013\/09\/liberementi-www.liberementi.it-8003BN.jpg?resize=350%2C200&ssl=1 1x, https:\/\/i0.wp.com\/www.biancoscuro.it\/site\/wp-content\/uploads\/2013\/09\/liberementi-www.liberementi.it-8003BN.jpg?resize=525%2C300&ssl=1 1.5x, https:\/\/i0.wp.com\/www.biancoscuro.it\/site\/wp-content\/uploads\/2013\/09\/liberementi-www.liberementi.it-8003BN.jpg?resize=700%2C400&ssl=1 2x"},"classes":[]},{"id":15,"url":"https:\/\/www.biancoscuro.it\/site\/contatta-biancoscuro\/","url_meta":{"origin":452,"position":1},"title":"Chi siamo","author":"Redazione BIANCOSCURO","date":"26 Settembre 2013","format":false,"excerpt":"Nel panorama editoriale artistico italiano, BIANCOSCURO si distingue come una rivista bimestrale che offre un'ampia e diversificata prospettiva sul mondo dell'arte, spaziando dai grandi maestri del passato agli artisti emergenti della scena contemporanea. Fondata nel 2014 e registrata presso il Tribunale di Pavia, la rivista \u00e8 edita dall'Associazione Culturale BIANCOSCURO,\u2026","rel":"","context":"Articolo simile","block_context":{"text":"Articolo simile","link":""},"img":{"alt_text":"","src":"https:\/\/i0.wp.com\/www.biancoscuro.it\/site\/wp-content\/uploads\/2013\/10\/sbn168943_9487.jpg?resize=350%2C200&ssl=1","width":350,"height":200,"srcset":"https:\/\/i0.wp.com\/www.biancoscuro.it\/site\/wp-content\/uploads\/2013\/10\/sbn168943_9487.jpg?resize=350%2C200&ssl=1 1x, https:\/\/i0.wp.com\/www.biancoscuro.it\/site\/wp-content\/uploads\/2013\/10\/sbn168943_9487.jpg?resize=525%2C300&ssl=1 1.5x, https:\/\/i0.wp.com\/www.biancoscuro.it\/site\/wp-content\/uploads\/2013\/10\/sbn168943_9487.jpg?resize=700%2C400&ssl=1 2x"},"classes":[]},{"id":2779,"url":"https:\/\/www.biancoscuro.it\/site\/contatta-biancoscuro\/informativa-privacy-cookie\/","url_meta":{"origin":452,"position":2},"title":"Informativa privacy &#038; cookie","author":"Redazione BIANCOSCURO","date":"2 Giugno 2015","format":false,"excerpt":"Last updated: 22\/05\/2018 Questa informativa rientra nel \u00a0General Data Protection Regulation(GDPR). Chi siamo BIANCOSCURO \u00e8 un progetto dell'Associazione Culturale BIANCOSCURO che ha sede a Pavia in viale Indipendenza 26. La piattaforma web \u00e8 gestita dalla societ\u00e0 \u00a0LIBEREMENTI (https:\/\/www.liberementi.it). L'indirizzo del nostro sito web \u00e8:\u00a0https:\/\/www.biancoscuro.it. Fanno parte della piattaforma anche i\u2026","rel":"","context":"Articolo simile","block_context":{"text":"Articolo simile","link":""},"img":{"alt_text":"","src":"","width":0,"height":0},"classes":[]}],"_links":{"self":[{"href":"https:\/\/www.biancoscuro.it\/site\/wp-json\/wp\/v2\/pages\/452","targetHints":{"allow":["GET"]}}],"collection":[{"href":"https:\/\/www.biancoscuro.it\/site\/wp-json\/wp\/v2\/pages"}],"about":[{"href":"https:\/\/www.biancoscuro.it\/site\/wp-json\/wp\/v2\/types\/page"}],"author":[{"embeddable":true,"href":"https:\/\/www.biancoscuro.it\/site\/wp-json\/wp\/v2\/users\/1"}],"replies":[{"embeddable":true,"href":"https:\/\/www.biancoscuro.it\/site\/wp-json\/wp\/v2\/comments?post=452"}],"version-history":[{"count":0,"href":"https:\/\/www.biancoscuro.it\/site\/wp-json\/wp\/v2\/pages\/452\/revisions"}],"up":[{"embeddable":true,"href":"https:\/\/www.biancoscuro.it\/site\/wp-json\/wp\/v2\/pages\/15"}],"wp:attachment":[{"href":"https:\/\/www.biancoscuro.it\/site\/wp-json\/wp\/v2\/media?parent=452"}],"curies":[{"name":"wp","href":"https:\/\/api.w.org\/{rel}","templated":true}]}}